{"id":8945,"date":"2022-11-09T16:48:49","date_gmt":"2022-11-09T13:48:49","guid":{"rendered":"https:\/\/www.betonsu.com.tr\/services\/"},"modified":"2022-11-27T19:13:54","modified_gmt":"2022-11-27T16:13:54","slug":"xidm%c9%99tl%c9%99rimiz","status":"publish","type":"page","link":"https:\/\/www.betonsu.com.tr\/az\/xidm%c9%99tl%c9%99rimiz\/","title":{"rendered":"X\u0130DM\u018fTL\u018fR\u0130M\u0130Z"},"content":{"rendered":"<section class=\"l-section wpb_row us_custom_f58a0cb9 height_custom\"><div class=\"l-section-h i-cf\"><div class=\"g-cols vc_row via_flex valign_top type_default stacking_default\"><div class=\"vc_col-sm-12 wpb_column vc_column_container\"><div class=\"vc_column-inner\"><div class=\"wpb_wrapper\"><div class=\"g-cols wpb_row via_flex valign_top type_default stacking_default\"><div class=\"vc_col-sm-3 wpb_column vc_column_container\"><div class=\"vc_column-inner\"><div class=\"wpb_wrapper\"><div class=\"w-image us_custom_7e20fa79 us_animate_this align_none\"><div class=\"w-image-h\"><img loading=\"lazy\" decoding=\"async\" width=\"300\" height=\"209\" src=\"https:\/\/www.betonsu.com.tr\/wp-content\/uploads\/2022\/11\/PLANNING-1.png\" class=\"attachment-full size-full\" alt=\"\" \/><\/div><\/div><div class=\"wpb_text_column us_custom_1297d6f9 has_text_color us_animate_this\"><div class=\"wpb_wrapper\"><p><strong>PLANLAMA<\/strong><\/p>\n<\/div><\/div><div class=\"w-separator us_custom_57a3bc73 has_text_color us_animate_this size_custom with_line width_default thick_3 style_solid color_border align_center\" style=\"height:\"><div class=\"w-separator-h\"><\/div><\/div><div class=\"wpb_text_column us_custom_adf874d0 us_animate_this\"><div class=\"wpb_wrapper\"><ul>\n<li>Layih\u0259 Tan\u0131mlama<\/li>\n<li>M\u00f6vcud G\u00f6st\u0259ricil\u0259rin Toplanmas\u0131<\/li>\n<li>Master Plan \/ \u0130lkin Ara\u015fd\u0131rma<\/li>\n<li>Planlama \u00c7al\u0131\u015fmalar\u0131<\/li>\n<li>X\u0259rit\u0259 \u00d6l\u00e7m\u0259l\u0259ri v\u0259 x\u0259rit\u0259l\u0259ndirm\u0259<\/li>\n<li>Hidroloqiya<\/li>\n<li>Geoteknika<\/li>\n<li>Geoloqiya ve Hidrogeoloqiya<\/li>\n<li>\u018frazi T\u0259snifat\u0131 v\u0259 Drenaj<\/li>\n<li>\u018ftraf M\u00fchit\u0259 Sosial T\u0259sir<\/li>\n<li>Qiym\u0259tl\u0259ndirm\u0259l\u0259r (\u00c7SED)<\/li>\n<li>M\u0259qs\u0259dl\u0259rin Optimalla\u015fd\u0131r\u0131lmas\u0131<\/li>\n<li>\u0130qtisadi \u018fsasland\u0131rma<\/li>\n<\/ul>\n<\/div><\/div><\/div><\/div><\/div><div class=\"vc_col-sm-3 wpb_column vc_column_container\"><div class=\"vc_column-inner\"><div class=\"wpb_wrapper\"><div class=\"w-separator size_huge\"><\/div><div class=\"w-image us_custom_52edde2c us_animate_this align_none\"><div class=\"w-image-h\"><img loading=\"lazy\" decoding=\"async\" width=\"300\" height=\"210\" src=\"https:\/\/www.betonsu.com.tr\/wp-content\/uploads\/2022\/11\/DESIGN-1.png\" class=\"attachment-full size-full\" alt=\"\" \/><\/div><\/div><div class=\"wpb_text_column us_custom_c8759259 has_text_color us_animate_this\"><div class=\"wpb_wrapper\"><p><strong>D\u0130ZAYN<\/strong><\/p>\n<\/div><\/div><div class=\"w-separator us_custom_db322855 has_text_color us_animate_this size_custom with_line width_default thick_3 style_solid color_border align_center\" style=\"height:\"><div class=\"w-separator-h\"><\/div><\/div><div class=\"wpb_text_column us_custom_b35ffbac us_animate_this\"><div class=\"wpb_wrapper\"><ul>\n<li>Konsept Dizaynlar\u0131, Detall\u0131 dizayn, \u0130n\u015faat Dizayn\u0131<\/li>\n<li>Dizayn Hesabatlar\u0131<\/li>\n<li>Miqdar v\u0259 Maya D\u0259y\u0259ri T\u0259hminl\u0259ri<\/li>\n<li>Texniki x\u00fcsussiyy\u0259tl\u0259r<\/li>\n<li>Tender S\u0259n\u0259dl\u0259ri<\/li>\n<\/ul>\n<\/div><\/div><\/div><\/div><\/div><div class=\"vc_col-sm-3 wpb_column vc_column_container\"><div class=\"vc_column-inner\"><div class=\"wpb_wrapper\"><div class=\"w-image us_custom_b76dfaa1 us_animate_this align_none\"><div class=\"w-image-h\"><img loading=\"lazy\" decoding=\"async\" width=\"300\" height=\"210\" src=\"https:\/\/www.betonsu.com.tr\/wp-content\/uploads\/2022\/11\/TENDER-1.png\" class=\"attachment-full size-full\" alt=\"\" \/><\/div><\/div><div class=\"wpb_text_column us_custom_5f796a10 has_text_color us_animate_this\"><div class=\"wpb_wrapper\"><p><strong>TENDER<\/strong><\/p>\n<\/div><\/div><div class=\"w-separator us_custom_6063e120 has_text_color us_animate_this size_custom with_line width_default thick_3 style_solid color_border align_center\" style=\"height:\"><div class=\"w-separator-h\"><\/div><\/div><div class=\"wpb_text_column us_custom_dcafd892 us_animate_this\"><div class=\"wpb_wrapper\"><ul>\n<li>Tender S\u0259n\u0259dl\u0259rinin Haz\u0131rlanmas\u0131<\/li>\n<li>Tenderl\u0259rin\u00a0 Qiym\u0259tl\u0259ndirilm\u0259si<\/li>\n<li>M\u00fcqavil\u0259 M\u00fczakir\u0259l\u0259rind\u0259 M\u00fc\u015ft\u0259riy\u0259 Yard\u0131m<\/li>\n<li>M\u00fcqavil\u0259yi N\u0259tic\u0259l\u0259ndirm\u0259<\/li>\n<\/ul>\n<\/div><\/div><\/div><\/div><\/div><div class=\"vc_col-sm-3 wpb_column vc_column_container\"><div class=\"vc_column-inner\"><div class=\"wpb_wrapper\"><div class=\"w-separator size_huge\"><\/div><div class=\"w-image us_custom_4fc26d3f us_animate_this align_none\"><div class=\"w-image-h\"><img loading=\"lazy\" decoding=\"async\" width=\"300\" height=\"210\" src=\"https:\/\/www.betonsu.com.tr\/wp-content\/uploads\/2022\/11\/OTHER-1.png\" class=\"attachment-full size-full\" alt=\"\" \/><\/div><\/div><div class=\"wpb_text_column us_custom_772d1a0a has_text_color us_animate_this\"><div class=\"wpb_wrapper\"><p><strong>D\u0130Y\u018fR<\/strong><\/p>\n<\/div><\/div><div class=\"w-separator us_custom_6241444c has_text_color us_animate_this size_custom with_line width_default thick_3 style_solid color_border align_center\" style=\"height:\"><div class=\"w-separator-h\"><\/div><\/div><div class=\"wpb_text_column us_custom_ce2cfdf4 us_animate_this\"><div class=\"wpb_wrapper\"><ul>\n<li>\u00dcmumi M\u00fch\u0259ndislik v\u0259 M\u00fc\u015favirlik<\/li>\n<li>Ekoloqiya v\u0259 Sosial T\u0259sir Qiym\u0259tl\u0259ndirilm\u0259si \/ Monitorinqi<\/li>\n<li>\u0130\u015f Sah\u0259sini \u0130nki\u015faf\u0131<\/li>\n<\/ul>\n<\/div><\/div><\/div><\/div><\/div><\/div><div class=\"w-separator size_custom\" style=\"height:\" id=\"u4ec\"><style>@media(max-width:1024px){ #u4ec{height:35px!important}}@media(max-width:600px){ #u4ec{height:35px!important}}<\/style><\/div><div class=\"w-vwrapper us_custom_edb423b1 align_center valign_top\"><div class=\"wpb_text_column us_custom_f161e9bb has_text_color us_animate_this\"><div class=\"wpb_wrapper\"><p style=\"text-align: center;\">niz\u0259 ehtiyac\u0131n\u0131z olan yerd\u0259yik.<\/p>\n<\/div><\/div><\/div><\/div><\/div><\/div><\/div><\/div><\/section>\n","protected":false},"excerpt":{"rendered":"PLANLAMA Layih\u0259 Tan\u0131mlama M\u00f6vcud G\u00f6st\u0259ricil\u0259rin Toplanmas\u0131 Master Plan \/ \u0130lkin Ara\u015fd\u0131rma Planlama \u00c7al\u0131\u015fmalar\u0131 X\u0259rit\u0259 \u00d6l\u00e7m\u0259l\u0259ri v\u0259 x\u0259rit\u0259l\u0259ndirm\u0259 Hidroloqiya Geoteknika Geoloqiya ve Hidrogeoloqiya \u018frazi T\u0259snifat\u0131 v\u0259 Drenaj \u018ftraf M\u00fchit\u0259 Sosial T\u0259sir Qiym\u0259tl\u0259ndirm\u0259l\u0259r (\u00c7SED) M\u0259qs\u0259dl\u0259rin Optimalla\u015fd\u0131r\u0131lmas\u0131 \u0130qtisadi \u018fsasland\u0131rma D\u0130ZAYN Konsept Dizaynlar\u0131, Detall\u0131 dizayn, \u0130n\u015faat Dizayn\u0131 Dizayn Hesabatlar\u0131 Miqdar v\u0259 Maya D\u0259y\u0259ri T\u0259hminl\u0259ri Texniki x\u00fcsussiyy\u0259tl\u0259r Tender S\u0259n\u0259dl\u0259ri TENDER...","protected":false},"author":1,"featured_media":0,"parent":0,"menu_order":0,"comment_status":"closed","ping_status":"closed","template":"","meta":{"footnotes":""},"class_list":["post-8945","page","type-page","status-publish","hentry"],"_links":{"self":[{"href":"https:\/\/www.betonsu.com.tr\/az\/wp-json\/wp\/v2\/pages\/8945","targetHints":{"allow":["GET"]}}],"collection":[{"href":"https:\/\/www.betonsu.com.tr\/az\/wp-json\/wp\/v2\/pages"}],"about":[{"href":"https:\/\/www.betonsu.com.tr\/az\/wp-json\/wp\/v2\/types\/page"}],"author":[{"embeddable":true,"href":"https:\/\/www.betonsu.com.tr\/az\/wp-json\/wp\/v2\/users\/1"}],"replies":[{"embeddable":true,"href":"https:\/\/www.betonsu.com.tr\/az\/wp-json\/wp\/v2\/comments?post=8945"}],"version-history":[{"count":0,"href":"https:\/\/www.betonsu.com.tr\/az\/wp-json\/wp\/v2\/pages\/8945\/revisions"}],"wp:attachment":[{"href":"https:\/\/www.betonsu.com.tr\/az\/wp-json\/wp\/v2\/media?parent=8945"}],"curies":[{"name":"wp","href":"https:\/\/api.w.org\/{rel}","templated":true}]}}