{"id":8956,"date":"2022-11-11T14:53:37","date_gmt":"2022-11-11T11:53:37","guid":{"rendered":"https:\/\/www.betonsu.com.tr\/fields-of-activity\/"},"modified":"2022-11-27T19:31:27","modified_gmt":"2022-11-27T16:31:27","slug":"f%c9%99aliyy%c9%99t-sah%c9%99l%c9%99rimiz","status":"publish","type":"page","link":"https:\/\/www.betonsu.com.tr\/az\/f%c9%99aliyy%c9%99t-sah%c9%99l%c9%99rimiz\/","title":{"rendered":"F\u018fAL\u0130YY\u018fT SAH\u018fL\u018fR\u0130M\u0130Z"},"content":{"rendered":"<section class=\"l-section wpb_row height_custom full_height valign_center with_img\"><div class=\"l-section-img\" style=\"background-image: url(https:\/\/www.betonsu.com.tr\/wp-content\/uploads\/2022\/11\/fields-01.jpg);\" data-img-width=\"1920\" data-img-height=\"1080\"><\/div><div class=\"l-section-overlay\" style=\"background:rgba(0,0,0,0.55)\"><\/div><div class=\"l-section-h i-cf\"><div class=\"g-cols vc_row via_flex valign_top type_default stacking_default\"><div class=\"vc_col-sm-12 wpb_column vc_column_container\"><div class=\"vc_column-inner\"><div class=\"wpb_wrapper\"><div class=\"g-cols wpb_row via_flex valign_top type_default stacking_default\"><div class=\"vc_col-sm-12 wpb_column vc_column_container\"><div class=\"vc_column-inner\"><div class=\"wpb_wrapper\"><div class=\"wpb_text_column us_custom_6df4bc3a has_text_color\"><div class=\"wpb_wrapper\"><h2>Su M\u0259nb\u0259l\u0259ri v\u0259 \u0130daretme<\/h2>\n<\/div><\/div><div class=\"wpb_text_column us_custom_6df4bc3a has_text_color\"><div class=\"wpb_wrapper\"><p>G\u00fcn\u00fcm\u00fcz \u015f\u0259rtl\u0259rind\u0259 su potensial\u0131n\u0131n obyekt v\u0259 ya h\u00f6vz\u0259 bazas\u0131nda t\u0259sbit edilm\u0259si v\u0259 idar\u0259etm\u0259si \u0259n m\u00fch\u00fcm m\u00fch\u0259ndislik ehtiya\u00e7lar\u0131ndan biri olaraq qaba\u011f\u0131m\u0131za \u00e7\u0131xar. Bu m\u00f6vzuda \u015eirk\u0259timiz davaml\u0131 qar\u015f\u0131la\u015fd\u0131rma platformas\u0131nda bitki bazal\u0131 su potensial t\u0259sbit edilm\u0259si, istismar edil\u0259n \u015f\u0259b\u0259k\u0259l\u0259r\u0259 integrasiya yolu \u0259le daxil edilmesi v\u0259 optimalla\u015fd\u0131rma f\u0259aliyy\u0259tl\u0259ri istiqam\u0259tind\u0259 h\u0259ll\u0259r yarada bilir.<\/p>\n<p>Bundan ba\u015fqa, h\u00f6vza bazal\u0131 potensial t\u0259bit edilm\u0259si v\u0259 \u00f6t\u00fcr\u00fclm\u0259si kimi ihtisas t\u0259cr\u00fcb\u0259si t\u0259l\u0259b edil\u0259n f\u0259aliyy\u0259tl\u0259r\u0259 alternativ olaraq maya d\u0259y\u0259ri v\u0259 texniki dissiplin ana ba\u015fl\u0131qlar\u0131 alt\u0131nda ara\u015fd\u0131rmaqd\u0131r.<\/p>\n<\/div><\/div><\/div><\/div><\/div><\/div><div class=\"w-scroller hide_on_mobiles style_3 pos_left with_dots\" aria-hidden=\"true\" data-speed=\"1000\" data-disablewidth=\"0\"><div class=\"w-scroller-dots\" style=\"font-size:15px;color:#ffffff;\"><div class=\"w-scroller-dot\"><span><\/span><\/div><\/div><\/div><div class=\"w-scroller hide_on_default hide_on_laptops hide_on_tablets style_1 pos_right\" aria-hidden=\"true\" data-speed=\"1000\" data-disablewidth=\"0\"><div class=\"w-scroller-dots\" style=\"font-size:10px;\"><div class=\"w-scroller-dot\"><span><\/span><\/div><\/div><\/div><\/div><\/div><\/div><\/div><\/div><\/section><section class=\"l-section wpb_row height_custom full_height valign_center with_img\"><div class=\"l-section-img\" style=\"background-image: url(https:\/\/www.betonsu.com.tr\/wp-content\/uploads\/2022\/11\/fields-02.jpg);\" data-img-width=\"1920\" data-img-height=\"1080\"><\/div><div class=\"l-section-overlay\" style=\"background:rgba(0,0,0,0.55)\"><\/div><div class=\"l-section-h i-cf\"><div class=\"g-cols vc_row via_flex valign_top type_default stacking_default\"><div class=\"vc_col-sm-12 wpb_column vc_column_container\"><div class=\"vc_column-inner\"><div class=\"wpb_wrapper\"><div class=\"g-cols wpb_row via_flex valign_top type_default stacking_default\"><div class=\"vc_col-sm-12 wpb_column vc_column_container\"><div class=\"vc_column-inner\"><div class=\"wpb_wrapper\"><div class=\"wpb_text_column us_custom_6df4bc3a has_text_color\"><div class=\"wpb_wrapper\"><h2>Su Obyektl\u0259ri<\/h2>\n<\/div><\/div><div class=\"wpb_text_column us_custom_6df4bc3a has_text_color\"><div class=\"wpb_wrapper\"><p>Firmam\u0131z, ba\u015fda b\u00f6y\u00fck su anbarlar\u0131, ki\u00e7ik su obyekl\u0259ri, rezervuarlar v\u0259 \u015flyuzlar olamq \u00fcz\u0259r\u0259 su yap\u0131lar\u0131n\u0131n dizayn v\u0259 ink\u015faf etdirilm\u0259si m\u00f6vzular\u0131nda 100-\u0259 yax\u0131n layih\u0259d\u0259 \u00fcst s\u0259viyy\u0259d\u0259 t\u0259cr\u00fcb\u0259 sahibidir.<\/p>\n<\/div><\/div><\/div><\/div><\/div><\/div><\/div><\/div><\/div><\/div><\/div><\/section><section class=\"l-section wpb_row height_custom full_height valign_center with_img\"><div class=\"l-section-img\" style=\"background-image: url(https:\/\/www.betonsu.com.tr\/wp-content\/uploads\/2022\/11\/fields-03.jpg);\" data-img-width=\"1920\" data-img-height=\"1080\"><\/div><div class=\"l-section-overlay\" style=\"background:rgba(0,0,0,0.55)\"><\/div><div class=\"l-section-h i-cf\"><div class=\"g-cols vc_row via_flex valign_top type_default stacking_default\"><div class=\"vc_col-sm-12 wpb_column vc_column_container\"><div class=\"vc_column-inner\"><div class=\"wpb_wrapper\"><div class=\"g-cols wpb_row via_flex valign_top type_default stacking_default\"><div class=\"vc_col-sm-12 wpb_column vc_column_container\"><div class=\"vc_column-inner\"><div class=\"wpb_wrapper\"><div class=\"wpb_text_column us_custom_6df4bc3a has_text_color\"><div class=\"wpb_wrapper\"><h2>Suvarma v\u0259 Drenaj<\/h2>\n<\/div><\/div><div class=\"wpb_text_column us_custom_6df4bc3a has_text_color\"><div class=\"wpb_wrapper\"><p>Su m\u0259nb\u0259l\u0259rinin ve su tutma obyektl\u0259rinin su potensial\u0131n\u0131 diqq\u0259t\u0259 alaraq, b\u00f6y\u00fck torpaq m\u0259nb\u0259l\u0259rinin suvarma kompleksl\u0259rinin, m\u0259nb\u0259 v\u0259 m\u0259nsab suvarma \u015f\u0259raitl\u0259rinin etrafl\u0131 olaraq m\u00fc\u0259yy\u0259n edilm\u0259si, \u0259razi istifad\u0259si v\u0259 suvarma sah\u0259sinin iqtisadi x\u00fcsussiyytl\u0259ri daxil olmaq \u00fcz\u0259r\u0259 planlanmas\u0131 v\u0259 layih\u0259l\u0259ndirilm\u0259si firmam\u0131z\u0131n t\u0259klif etdiyi m\u00fch\u0259ndislik h\u0259ll\u0259ri aras\u0131nda yer al\u0131r.<\/p>\n<\/div><\/div><\/div><\/div><\/div><\/div><\/div><\/div><\/div><\/div><\/div><\/section><section class=\"l-section wpb_row height_custom full_height valign_center with_img\"><div class=\"l-section-img\" style=\"background-image: url(https:\/\/www.betonsu.com.tr\/wp-content\/uploads\/2022\/11\/fields-04.jpg);\" data-img-width=\"1920\" data-img-height=\"1080\"><\/div><div class=\"l-section-overlay\" style=\"background:rgba(0,0,0,0.55)\"><\/div><div class=\"l-section-h i-cf\"><div class=\"g-cols vc_row via_flex valign_top type_default stacking_default\"><div class=\"vc_col-sm-12 wpb_column vc_column_container\"><div class=\"vc_column-inner\"><div class=\"wpb_wrapper\"><div class=\"g-cols wpb_row via_flex valign_top type_default stacking_default\"><div class=\"vc_col-sm-12 wpb_column vc_column_container\"><div class=\"vc_column-inner\"><div class=\"wpb_wrapper\"><div class=\"wpb_text_column us_custom_6df4bc3a has_text_color\"><div class=\"wpb_wrapper\"><h2>\u0130\u00e7m\u0259li Su T\u0259mini<\/h2>\n<\/div><\/div><div class=\"wpb_text_column us_custom_6df4bc3a has_text_color\"><div class=\"wpb_wrapper\"><p>\u015e\u0259h\u0259rl\u0259rimizin v\u0259 obyektl\u0259rimizin m\u00f6vcud v\u0259 g\u0259l\u0259c\u0259kd\u0259ki i\u00e7m\u0259li su t\u0259mini v\u0259 su potensiallar\u0131n\u0131 \u0259hali proeksialar\u0131 daxilind\u0259 rezerv edil\u0259 bilm\u0259l\u0259ri g\u00fcn\u00fcm\u00fcz\u00fcn \u015f\u0259raitl\u0259rind\u0259 \u0259n m\u00fch\u00fcm t\u0259l\u0259bl\u0259r aras\u0131nda yer al\u0131r. Buna g\u00f6r\u0259, \u015eirk\u0259timiz i\u00e7m\u0259li-istifad\u0259 suyu t\u0259mini \u00fc\u00e7\u00fcn planlama v\u0259 layih\u0259 \u015fal\u0131\u015fmalar\u0131 h\u0259yata ke\u00e7irir. Obyektl\u0259r aras\u0131nda \u00e7oxm\u0259qs\u0259dli integraiyalar\u0131n i\u00e7m\u0259li su bazas\u0131nda integerasiya edilm\u0259si kimi m\u00fct\u0259x\u0259ssislik t\u0259l\u0259b edil\u0259n m\u00fch\u0259ndislik h\u0259ll\u0259ri, \u015firk\u0259timizin xidm\u0259t portfelinin ba\u015f\u0131nda yer almaktad\u0131r.<\/p>\n<\/div><\/div><\/div><\/div><\/div><\/div><\/div><\/div><\/div><\/div><\/div><\/section><section class=\"l-section wpb_row height_custom full_height valign_center with_img\"><div class=\"l-section-img\" style=\"background-image: url(https:\/\/www.betonsu.com.tr\/wp-content\/uploads\/2022\/11\/fields-05.jpg);\" data-img-width=\"1920\" data-img-height=\"1080\"><\/div><div class=\"l-section-overlay\" style=\"background:rgba(0,0,0,0.55)\"><\/div><div class=\"l-section-h i-cf\"><div class=\"g-cols vc_row via_flex valign_top type_default stacking_default\"><div class=\"vc_col-sm-12 wpb_column vc_column_container\"><div class=\"vc_column-inner\"><div class=\"wpb_wrapper\"><div class=\"g-cols wpb_row via_flex valign_top type_default stacking_default\"><div class=\"vc_col-sm-12 wpb_column vc_column_container\"><div class=\"vc_column-inner\"><div class=\"wpb_wrapper\"><div class=\"wpb_text_column us_custom_6df4bc3a has_text_color\"><div class=\"wpb_wrapper\"><h2>Da\u015fq\u0131n N\u0259zar\u0259ti, \u0130dar\u0259etm\u0259 v\u0259 H\u0259r\u0259k\u0259t Planlar\u0131<\/h2>\n<\/div><\/div><div class=\"wpb_text_column us_custom_6df4bc3a has_text_color\"><div class=\"wpb_wrapper\"><p>D\u0259r\u0259 kanallr\u0131nda hidrolik h\u0259cmin kifay\u0259tsiz olmas\u0131, bilqisiz v\u0259 t\u0259bii topraq ort\u00fcy\u00fcn\u00fcn t\u0259hribat\u0131\u0131 v\u0259 \u0259razi istifad\u0259sin\u0259 ba\u011fl\u0131 olaraq ax\u0131m \u0259msallar\u0131n\u0131n y\u00fcks\u0259ltilm\u0259si n\u0259tic\u0259sind\u0259 meydana \u00e7\u0131xan da\u015fq\u0131nlar, sosial-iqtisadi f\u0259aliyy\u0259tl\u0259r\u0259 sahib su yataqlar\u0131 v\u0259 kanal \u0259traflar\u0131 nisbi yo\u011funluq \u00fc\u00e7\u00fcn b\u00f6y\u00fck riskl\u0259r ortaya \u00e7\u0131xar\u0131r. \u015eirk\u0259timiz Avropa Parlamentinin 2007\/60\/EC direktivas\u0131na uygun olaraq da\u015fq\u0131n \u00f6n risk qiym\u0259tl\u0259ndirm\u0259si, da\u015fq\u0131n t\u0259hl\u00fck\u0259 v\u0259 risk x\u0259rit\u0259l\u0259rinin haz\u0131rlanmas\u0131 v\u0259 da\u015fq\u0131n risk idar\u0259etm\u0259 planlar\u0131n\u0131n haz\u0131rlanmas\u0131 m\u00f6vzular\u0131nda t\u0259crub\u0259li personal\u0131 il\u0259 xidm\u0259t g\u00f6st\u0259rir. Bundan ba\u015fqa, da\u015fq\u0131n kanallar\u0131n\u0131n layih\u0259l\u0259ndirilmi\u015f modell\u0259rinin haz\u0131rlanmas\u0131 v\u0259 altl\u0131klar\u0131n layih\u0259 \u00e7al\u0131\u015fmalar\u0131n\u0131 apraraq t\u0259tbiq edilm\u0259si \u00fc\u00e7\u00fcn haz\u0131rlanmas\u0131 da\u015fq\u0131n m\u00fch\u0259ndisliyi sah\u0259sind\u0259ki dig\u0259r xidm\u0259t sah\u0259l\u0259rimizd\u0259n birisidir.<\/p>\n<\/div><\/div><\/div><\/div><\/div><\/div><\/div><\/div><\/div><\/div><\/div><\/section><section class=\"l-section wpb_row height_custom full_height valign_center with_img\"><div class=\"l-section-img\" style=\"background-image: url(https:\/\/www.betonsu.com.tr\/wp-content\/uploads\/2022\/11\/fields-06.jpg);\" data-img-width=\"1920\" data-img-height=\"1080\"><\/div><div class=\"l-section-overlay\" style=\"background:rgba(0,0,0,0.55)\"><\/div><div class=\"l-section-h i-cf\"><div class=\"g-cols vc_row via_flex valign_top type_default stacking_default\"><div class=\"vc_col-sm-12 wpb_column vc_column_container\"><div class=\"vc_column-inner\"><div class=\"wpb_wrapper\"><div class=\"g-cols wpb_row via_flex valign_top type_default stacking_default\"><div class=\"vc_col-sm-12 wpb_column vc_column_container\"><div class=\"vc_column-inner\"><div class=\"wpb_wrapper\"><div class=\"wpb_text_column us_custom_6df4bc3a has_text_color\"><div class=\"wpb_wrapper\"><h2>Enerji<\/h2>\n<\/div><\/div><div class=\"wpb_text_column us_custom_6df4bc3a has_text_color\"><div class=\"wpb_wrapper\"><p>\u015eirk\u0259timiz obyekt bazas\u0131nda enerji optimalla\u015fd\u0131rmas\u0131 il\u0259 m\u0259nb\u0259l\u0259rin t\u0259sirli olaraq istifad\u0259 edilm\u0259si v\u0259 enerji istehsalat hesabatlar\u0131n\u0131n haz\u0131rlanmas\u0131 kimi m\u00fct\u0259x\u0259ssislik t\u0259l\u0259b ed\u0259n bir \u00e7ox m\u00f6vzuda aktiv olaraq h\u0259ll yolar\u0131 t\u0259klif etm\u0259kt\u0259dir.Enerji obyektl\u0259rinin m\u0259nb\u0259 h\u00f6vz\u0259l\u0259ri detall\u0131 olaraq analiz edil\u0259 bil\u0259r v\u0259 su istifad\u0259l\u0259rind\u0259 meydana g\u0259l\u0259 bil\u0259c\u0259k enerji itkil\u0259rinin n\u0259tic\u0259l\u0259ri v\u0259 g\u0259l\u0259c\u0259k proeksiyalar\u0131 il\u0259 \u0130\u015fver\u0259nin g\u0259l\u0259c\u0259k planlar\u0131na m\u00fch\u00fcm d\u0259r\u0259c\u0259d\u0259 faydas\u0131 olur.<\/p>\n<\/div><\/div><\/div><\/div><\/div><\/div><\/div><\/div><\/div><\/div><\/div><\/section><section class=\"l-section wpb_row height_custom full_height valign_center with_img\"><div class=\"l-section-img\" style=\"background-image: url(https:\/\/www.betonsu.com.tr\/wp-content\/uploads\/2022\/11\/fields-07.jpg);\" data-img-width=\"1920\" data-img-height=\"1080\"><\/div><div class=\"l-section-overlay\" style=\"background:rgba(0,0,0,0.55)\"><\/div><div class=\"l-section-h i-cf\"><div class=\"g-cols vc_row via_flex valign_top type_default stacking_default\"><div class=\"vc_col-sm-12 wpb_column vc_column_container\"><div class=\"vc_column-inner\"><div class=\"wpb_wrapper\"><div class=\"g-cols wpb_row via_flex valign_top type_default stacking_default\"><div class=\"vc_col-sm-12 wpb_column vc_column_container\"><div class=\"vc_column-inner\"><div class=\"wpb_wrapper\"><div class=\"wpb_text_column us_custom_6df4bc3a has_text_color\"><div class=\"wpb_wrapper\"><h2>H\u00f6vz\u0259 Planlama v\u0259 K\u0259nd \u018frazil\u0259rinin \u0130nki\u015faf\u0131 Layih\u0259l\u0259ri<\/h2>\n<\/div><\/div><div class=\"wpb_text_column us_custom_6df4bc3a has_text_color\"><div class=\"wpb_wrapper\"><p>Beton-Su, b\u00f6y\u00fck h\u0259cimli h\u00f6vz\u0259l\u0259ri ba\u015fda olmaq \u00fcz\u0259r\u0259 f\u0259rqli potensiallar\u0131 sahib h\u00f6vz\u0259l\u0259rin su budc\u0259l\u0259rini v\u0259 istifad\u0259l\u0259rini aktual metodlarla m\u00fc\u0259yy\u0259n ed\u0259r\u0259k inki\u015faf planlar\u0131n\u0131 haz\u0131rlaya bilir. b\u00fchavzalar ba\u015fta olmak \u00fczere farkl\u0131 potansiyellere sahip havzalar\u0131n su b\u00fct\u00e7elerini ve t\u00fcketimlerini g\u00fcncel y\u00f6ntemlerle belirleyerek kalk\u0131nma planlar\u0131 haz\u0131rlayabilmektedir.<\/p>\n<\/div><\/div><\/div><\/div><\/div><\/div><\/div><\/div><\/div><\/div><\/div><\/section><section class=\"l-section wpb_row height_custom full_height valign_center color_secondary\"><div class=\"l-section-h i-cf\"><div class=\"g-cols vc_row via_flex valign_top type_default stacking_default\"><div class=\"vc_col-sm-12 wpb_column vc_column_container\"><div class=\"vc_column-inner\"><div class=\"wpb_wrapper\"><div class=\"g-cols wpb_row via_flex valign_top type_default stacking_default\"><div class=\"vc_col-sm-12 wpb_column vc_column_container\"><div class=\"vc_column-inner\"><div class=\"wpb_wrapper\"><div class=\"wpb_text_column us_custom_2d82d750 has_text_color\"><div class=\"wpb_wrapper\"><p style=\"text-align: center;\"><strong>yenilik\u00e7ilik ruhumuzda var <\/strong><\/p>\n<\/div><\/div><\/div><\/div><\/div><\/div><\/div><\/div><\/div><\/div><\/div><\/section>\n","protected":false},"excerpt":{"rendered":"Su M\u0259nb\u0259l\u0259ri v\u0259 \u0130daretme G\u00fcn\u00fcm\u00fcz \u015f\u0259rtl\u0259rind\u0259 su potensial\u0131n\u0131n obyekt v\u0259 ya h\u00f6vz\u0259 bazas\u0131nda t\u0259sbit edilm\u0259si v\u0259 idar\u0259etm\u0259si \u0259n m\u00fch\u00fcm m\u00fch\u0259ndislik ehtiya\u00e7lar\u0131ndan biri olaraq qaba\u011f\u0131m\u0131za \u00e7\u0131xar. Bu m\u00f6vzuda \u015eirk\u0259timiz davaml\u0131 qar\u015f\u0131la\u015fd\u0131rma platformas\u0131nda bitki bazal\u0131 su potensial t\u0259sbit edilm\u0259si, istismar edil\u0259n \u015f\u0259b\u0259k\u0259l\u0259r\u0259 integrasiya yolu \u0259le daxil edilmesi v\u0259 optimalla\u015fd\u0131rma f\u0259aliyy\u0259tl\u0259ri istiqam\u0259tind\u0259 h\u0259ll\u0259r yarada bilir. Bundan ba\u015fqa, h\u00f6vza...","protected":false},"author":1,"featured_media":0,"parent":0,"menu_order":0,"comment_status":"closed","ping_status":"closed","template":"","meta":{"footnotes":""},"class_list":["post-8956","page","type-page","status-publish","hentry"],"_links":{"self":[{"href":"https:\/\/www.betonsu.com.tr\/az\/wp-json\/wp\/v2\/pages\/8956","targetHints":{"allow":["GET"]}}],"collection":[{"href":"https:\/\/www.betonsu.com.tr\/az\/wp-json\/wp\/v2\/pages"}],"about":[{"href":"https:\/\/www.betonsu.com.tr\/az\/wp-json\/wp\/v2\/types\/page"}],"author":[{"embeddable":true,"href":"https:\/\/www.betonsu.com.tr\/az\/wp-json\/wp\/v2\/users\/1"}],"replies":[{"embeddable":true,"href":"https:\/\/www.betonsu.com.tr\/az\/wp-json\/wp\/v2\/comments?post=8956"}],"version-history":[{"count":0,"href":"https:\/\/www.betonsu.com.tr\/az\/wp-json\/wp\/v2\/pages\/8956\/revisions"}],"wp:attachment":[{"href":"https:\/\/www.betonsu.com.tr\/az\/wp-json\/wp\/v2\/media?parent=8956"}],"curies":[{"name":"wp","href":"https:\/\/api.w.org\/{rel}","templated":true}]}}