{"id":8947,"date":"2022-11-09T16:48:49","date_gmt":"2022-11-09T13:48:49","guid":{"rendered":"https:\/\/www.betonsu.com.tr\/services\/"},"modified":"2022-11-27T19:14:21","modified_gmt":"2022-11-27T16:14:21","slug":"hizmetlerimiz","status":"publish","type":"page","link":"https:\/\/www.betonsu.com.tr\/tr\/hizmetlerimiz\/","title":{"rendered":"H\u0130ZMETLER\u0130M\u0130Z"},"content":{"rendered":"<section class=\"l-section wpb_row us_custom_f58a0cb9 height_custom\"><div class=\"l-section-h i-cf\"><div class=\"g-cols vc_row via_flex valign_top type_default stacking_default\"><div class=\"vc_col-sm-12 wpb_column vc_column_container\"><div class=\"vc_column-inner\"><div class=\"wpb_wrapper\"><div class=\"g-cols wpb_row via_flex valign_top type_default stacking_default\"><div class=\"vc_col-sm-3 wpb_column vc_column_container\"><div class=\"vc_column-inner\"><div class=\"wpb_wrapper\"><div class=\"w-image us_custom_7e20fa79 us_animate_this align_none\"><div class=\"w-image-h\"><img loading=\"lazy\" decoding=\"async\" width=\"300\" height=\"209\" src=\"https:\/\/www.betonsu.com.tr\/wp-content\/uploads\/2022\/11\/PLANNING-1.png\" class=\"attachment-full size-full\" alt=\"\" \/><\/div><\/div><div class=\"wpb_text_column us_custom_1297d6f9 has_text_color us_animate_this\"><div class=\"wpb_wrapper\"><p><strong>PLANLAMA<\/strong><\/p>\n<\/div><\/div><div class=\"w-separator us_custom_57a3bc73 has_text_color us_animate_this size_custom with_line width_default thick_3 style_solid color_border align_center\" style=\"height:\"><div class=\"w-separator-h\"><\/div><\/div><div class=\"wpb_text_column us_custom_adf874d0 us_animate_this\"><div class=\"wpb_wrapper\"><ul>\n<li>Proje Tan\u0131mlama<\/li>\n<li>Mevcut Verilerin Toplanmas\u0131<\/li>\n<li>Master Plan \/ \u00d6n Fizibilite<\/li>\n<li>Planlama \u00c7al\u0131\u015fmalar\u0131<\/li>\n<li>Harita \u00d6l\u00e7\u00fcmleri ve haritaland\u0131rma<\/li>\n<li>Hidroloji<\/li>\n<li>Jeoteknik<\/li>\n<li>Jeoloji ve Hidrojeoloji<\/li>\n<li>Arazi S\u0131n\u0131fland\u0131rma ve Drenaj<\/li>\n<li>\u00c7evresel Sosyal Etki<\/li>\n<li>De\u011ferlendirme (\u00c7SED)<\/li>\n<li>Ama\u00e7lar\u0131n Optimizasyonu<\/li>\n<li>Ekonomik Fizibilite<\/li>\n<\/ul>\n<\/div><\/div><\/div><\/div><\/div><div class=\"vc_col-sm-3 wpb_column vc_column_container\"><div class=\"vc_column-inner\"><div class=\"wpb_wrapper\"><div class=\"w-separator size_huge\"><\/div><div class=\"w-image us_custom_52edde2c us_animate_this align_none\"><div class=\"w-image-h\"><img loading=\"lazy\" decoding=\"async\" width=\"300\" height=\"210\" src=\"https:\/\/www.betonsu.com.tr\/wp-content\/uploads\/2022\/11\/DESIGN-1.png\" class=\"attachment-full size-full\" alt=\"\" \/><\/div><\/div><div class=\"wpb_text_column us_custom_c8759259 has_text_color us_animate_this\"><div class=\"wpb_wrapper\"><p><strong>TASARIM<\/strong><\/p>\n<\/div><\/div><div class=\"w-separator us_custom_db322855 has_text_color us_animate_this size_custom with_line width_default thick_3 style_solid color_border align_center\" style=\"height:\"><div class=\"w-separator-h\"><\/div><\/div><div class=\"wpb_text_column us_custom_b35ffbac us_animate_this\"><div class=\"wpb_wrapper\"><ul>\n<li>Konsept Tasar\u0131mlar, Detay Tasar\u0131mlar, \u0130n\u015faat Tasar\u0131mlar\u0131<\/li>\n<li>Tasar\u0131m Raporlar\u0131<\/li>\n<li>Miktar ve Maliyet Tahminleri<\/li>\n<li>Teknik \u00f6zellikler<\/li>\n<li>\u0130hale Belgeleri<\/li>\n<\/ul>\n<\/div><\/div><\/div><\/div><\/div><div class=\"vc_col-sm-3 wpb_column vc_column_container\"><div class=\"vc_column-inner\"><div class=\"wpb_wrapper\"><div class=\"w-image us_custom_b76dfaa1 us_animate_this align_none\"><div class=\"w-image-h\"><img loading=\"lazy\" decoding=\"async\" width=\"300\" height=\"210\" src=\"https:\/\/www.betonsu.com.tr\/wp-content\/uploads\/2022\/11\/TENDER-1.png\" class=\"attachment-full size-full\" alt=\"\" \/><\/div><\/div><div class=\"wpb_text_column us_custom_5f796a10 has_text_color us_animate_this\"><div class=\"wpb_wrapper\"><p><strong>\u0130HALE<\/strong><\/p>\n<\/div><\/div><div class=\"w-separator us_custom_6063e120 has_text_color us_animate_this size_custom with_line width_default thick_3 style_solid color_border align_center\" style=\"height:\"><div class=\"w-separator-h\"><\/div><\/div><div class=\"wpb_text_column us_custom_dcafd892 us_animate_this\"><div class=\"wpb_wrapper\"><ul>\n<li>\u0130hale Dok\u00fcmanlar\u0131n\u0131n Haz\u0131rlanmas\u0131<\/li>\n<li>\u0130hale De\u011ferlendirmesi<\/li>\n<li>S\u00f6zle\u015fme M\u00fczakereleri S\u0131ras\u0131nda M\u00fc\u015fteriye Yard\u0131m<\/li>\n<li>S\u00f6zle\u015fme Sonu\u00e7land\u0131rma<\/li>\n<\/ul>\n<\/div><\/div><\/div><\/div><\/div><div class=\"vc_col-sm-3 wpb_column vc_column_container\"><div class=\"vc_column-inner\"><div class=\"wpb_wrapper\"><div class=\"w-separator size_huge\"><\/div><div class=\"w-image us_custom_4fc26d3f us_animate_this align_none\"><div class=\"w-image-h\"><img loading=\"lazy\" decoding=\"async\" width=\"300\" height=\"210\" src=\"https:\/\/www.betonsu.com.tr\/wp-content\/uploads\/2022\/11\/OTHER-1.png\" class=\"attachment-full size-full\" alt=\"\" \/><\/div><\/div><div class=\"wpb_text_column us_custom_772d1a0a has_text_color us_animate_this\"><div class=\"wpb_wrapper\"><p><strong>D\u0130\u011eER<\/strong><\/p>\n<\/div><\/div><div class=\"w-separator us_custom_6241444c has_text_color us_animate_this size_custom with_line width_default thick_3 style_solid color_border align_center\" style=\"height:\"><div class=\"w-separator-h\"><\/div><\/div><div class=\"wpb_text_column us_custom_ce2cfdf4 us_animate_this\"><div class=\"wpb_wrapper\"><ul>\n<li>Genel M\u00fchendislik ve M\u00fc\u015favirlik<\/li>\n<li>\u00c7evresel ve Sosyal Etki De\u011ferlendirmesi\/\u0130zleme<\/li>\n<li>\u0130\u015f \u00c7evresi Geli\u015ftirme<\/li>\n<\/ul>\n<\/div><\/div><\/div><\/div><\/div><\/div><div class=\"w-separator size_custom\" style=\"height:\" id=\"r3d4\"><style>@media(max-width:1024px){ #r3d4{height:35px!important}}@media(max-width:600px){ #r3d4{height:35px!important}}<\/style><\/div><div class=\"w-vwrapper us_custom_edb423b1 align_center valign_top\"><div class=\"wpb_text_column us_custom_f161e9bb has_text_color us_animate_this\"><div class=\"wpb_wrapper\"><p style=\"text-align: center;\">bize ihtiyac\u0131n\u0131z olan yerdeyiz.<\/p>\n<\/div><\/div><\/div><\/div><\/div><\/div><\/div><\/div><\/section>\n","protected":false},"excerpt":{"rendered":"PLANLAMA Proje Tan\u0131mlama Mevcut Verilerin Toplanmas\u0131 Master Plan \/ \u00d6n Fizibilite Planlama \u00c7al\u0131\u015fmalar\u0131 Harita \u00d6l\u00e7\u00fcmleri ve haritaland\u0131rma Hidroloji Jeoteknik Jeoloji ve Hidrojeoloji Arazi S\u0131n\u0131fland\u0131rma ve Drenaj \u00c7evresel Sosyal Etki De\u011ferlendirme (\u00c7SED) Ama\u00e7lar\u0131n Optimizasyonu Ekonomik Fizibilite TASARIM Konsept Tasar\u0131mlar, Detay Tasar\u0131mlar, \u0130n\u015faat Tasar\u0131mlar\u0131 Tasar\u0131m Raporlar\u0131 Miktar ve Maliyet Tahminleri Teknik \u00f6zellikler \u0130hale Belgeleri \u0130HALE \u0130hale Dok\u00fcmanlar\u0131n\u0131n...","protected":false},"author":1,"featured_media":0,"parent":0,"menu_order":0,"comment_status":"closed","ping_status":"closed","template":"","meta":{"footnotes":""},"class_list":["post-8947","page","type-page","status-publish","hentry"],"_links":{"self":[{"href":"https:\/\/www.betonsu.com.tr\/tr\/wp-json\/wp\/v2\/pages\/8947","targetHints":{"allow":["GET"]}}],"collection":[{"href":"https:\/\/www.betonsu.com.tr\/tr\/wp-json\/wp\/v2\/pages"}],"about":[{"href":"https:\/\/www.betonsu.com.tr\/tr\/wp-json\/wp\/v2\/types\/page"}],"author":[{"embeddable":true,"href":"https:\/\/www.betonsu.com.tr\/tr\/wp-json\/wp\/v2\/users\/1"}],"replies":[{"embeddable":true,"href":"https:\/\/www.betonsu.com.tr\/tr\/wp-json\/wp\/v2\/comments?post=8947"}],"version-history":[{"count":0,"href":"https:\/\/www.betonsu.com.tr\/tr\/wp-json\/wp\/v2\/pages\/8947\/revisions"}],"wp:attachment":[{"href":"https:\/\/www.betonsu.com.tr\/tr\/wp-json\/wp\/v2\/media?parent=8947"}],"curies":[{"name":"wp","href":"https:\/\/api.w.org\/{rel}","templated":true}]}}