{"id":8958,"date":"2022-11-11T14:53:37","date_gmt":"2022-11-11T11:53:37","guid":{"rendered":"https:\/\/www.betonsu.com.tr\/fields-of-activity\/"},"modified":"2022-12-02T13:46:41","modified_gmt":"2022-12-02T10:46:41","slug":"faaliyet-alanlarimiz","status":"publish","type":"page","link":"https:\/\/www.betonsu.com.tr\/tr\/faaliyet-alanlarimiz\/","title":{"rendered":"FAAL\u0130YET ALANLARIMIZ"},"content":{"rendered":"<section class=\"l-section wpb_row height_custom full_height valign_center with_img\"><div class=\"l-section-img\" style=\"background-image: url(https:\/\/www.betonsu.com.tr\/wp-content\/uploads\/2022\/11\/fields-01.jpg);\" data-img-width=\"1920\" data-img-height=\"1080\"><\/div><div class=\"l-section-overlay\" style=\"background:rgba(0,0,0,0.55)\"><\/div><div class=\"l-section-h i-cf\"><div class=\"g-cols vc_row via_flex valign_top type_default stacking_default\"><div class=\"vc_col-sm-12 wpb_column vc_column_container\"><div class=\"vc_column-inner\"><div class=\"wpb_wrapper\"><div class=\"g-cols wpb_row via_flex valign_top type_default stacking_default\"><div class=\"vc_col-sm-12 wpb_column vc_column_container\"><div class=\"vc_column-inner\"><div class=\"wpb_wrapper\"><div class=\"wpb_text_column us_custom_6df4bc3a has_text_color\"><div class=\"wpb_wrapper\"><h2>Su Kaynaklar\u0131 ve Y\u00f6netimi<\/h2>\n<\/div><\/div><div class=\"wpb_text_column us_custom_6df4bc3a has_text_color\"><div class=\"wpb_wrapper\"><p>G\u00fcn\u00fcm\u00fcz ko\u015fullar\u0131nda su potansiyelinin tesis veya havza baz\u0131nda tespiti ve y\u00f6netimi en \u00f6nemli m\u00fchendislik ihtiya\u00e7lar\u0131ndan biri olarak \u00f6ne \u00e7\u0131kmaktad\u0131r. Bu kapsamda \u015eirketimiz, s\u00fcrekli kar\u015f\u0131la\u015ft\u0131rma platformunda bitki bazl\u0131 su potansiyeli tespiti, entegre i\u015f a\u011f\u0131na dahil edilmesi ve optimizasyon faaliyetlerine y\u00f6nelik \u00e7\u00f6z\u00fcmler \u00fcretebilmektedir.<\/p>\n<p>Ayr\u0131ca havza bazl\u0131 potansiyel tespiti ve transferi gibi uzmanl\u0131k gerektiren faaliyetler alternatif olarak maliyet ve teknik disiplin ana ba\u015fl\u0131klar\u0131 alt\u0131nda incelenmektedir.<\/p>\n<\/div><\/div><\/div><\/div><\/div><\/div><div class=\"w-scroller hide_on_mobiles style_3 pos_left with_dots\" aria-hidden=\"true\" data-speed=\"1000\" data-disablewidth=\"0\"><div class=\"w-scroller-dots\" style=\"font-size:15px;color:#ffffff;\"><div class=\"w-scroller-dot\"><span><\/span><\/div><\/div><\/div><div class=\"w-scroller hide_on_default hide_on_laptops hide_on_tablets style_1 pos_right\" aria-hidden=\"true\" data-speed=\"1000\" data-disablewidth=\"0\"><div class=\"w-scroller-dots\" style=\"font-size:10px;\"><div class=\"w-scroller-dot\"><span><\/span><\/div><\/div><\/div><\/div><\/div><\/div><\/div><\/div><\/section><section class=\"l-section wpb_row height_custom full_height valign_center with_img\"><div class=\"l-section-img\" style=\"background-image: url(https:\/\/www.betonsu.com.tr\/wp-content\/uploads\/2022\/11\/fields-02.jpg);\" data-img-width=\"1920\" data-img-height=\"1080\"><\/div><div class=\"l-section-overlay\" style=\"background:rgba(0,0,0,0.55)\"><\/div><div class=\"l-section-h i-cf\"><div class=\"g-cols vc_row via_flex valign_top type_default stacking_default\"><div class=\"vc_col-sm-12 wpb_column vc_column_container\"><div class=\"vc_column-inner\"><div class=\"wpb_wrapper\"><div class=\"g-cols wpb_row via_flex valign_top type_default stacking_default\"><div class=\"vc_col-sm-12 wpb_column vc_column_container\"><div class=\"vc_column-inner\"><div class=\"wpb_wrapper\"><div class=\"wpb_text_column us_custom_6df4bc3a has_text_color\"><div class=\"wpb_wrapper\"><h2>Su Yap\u0131lar\u0131<\/h2>\n<\/div><\/div><div class=\"wpb_text_column us_custom_6df4bc3a has_text_color\"><div class=\"wpb_wrapper\"><p>Firmam\u0131z, ba\u015fta b\u00fcy\u00fck barajlar, k\u00fc\u00e7\u00fck su yap\u0131lar\u0131, rezervuarlar ve savaklar olmak \u00fczere su yap\u0131lar\u0131n\u0131n tasar\u0131m\u0131 ve geli\u015ftirilmesi konusunda 100&#8217;e yak\u0131n projede \u00fcst d\u00fczeyde deneyime sahiptir.<\/p>\n<\/div><\/div><\/div><\/div><\/div><\/div><\/div><\/div><\/div><\/div><\/div><\/section><section class=\"l-section wpb_row height_custom full_height valign_center with_img\"><div class=\"l-section-img\" style=\"background-image: url(https:\/\/www.betonsu.com.tr\/wp-content\/uploads\/2022\/11\/fields-03.jpg);\" data-img-width=\"1920\" data-img-height=\"1080\"><\/div><div class=\"l-section-overlay\" style=\"background:rgba(0,0,0,0.55)\"><\/div><div class=\"l-section-h i-cf\"><div class=\"g-cols vc_row via_flex valign_top type_default stacking_default\"><div class=\"vc_col-sm-12 wpb_column vc_column_container\"><div class=\"vc_column-inner\"><div class=\"wpb_wrapper\"><div class=\"g-cols wpb_row via_flex valign_top type_default stacking_default\"><div class=\"vc_col-sm-12 wpb_column vc_column_container\"><div class=\"vc_column-inner\"><div class=\"wpb_wrapper\"><div class=\"wpb_text_column us_custom_6df4bc3a has_text_color\"><div class=\"wpb_wrapper\"><h2>Sulama ve Drenaj<\/h2>\n<\/div><\/div><div class=\"wpb_text_column us_custom_6df4bc3a has_text_color\"><div class=\"wpb_wrapper\"><p>Su kaynaklar\u0131n\u0131n ve depolama tesislerinin su potansiyeli g\u00f6z \u00f6n\u00fcnde bulundurularak, b\u00fcy\u00fck toprak kaynaklar\u0131n\u0131n sulama tesislerinin, memba ve mansap sulama ko\u015fullar\u0131n\u0131n detayl\u0131 olarak belirlenmesi, arazi kullan\u0131m\u0131 ve sulama alan\u0131n\u0131n ekonomik \u00f6zellikleri dahil olmak \u00fczere planlanmas\u0131 ve projelendirilmesi firmam\u0131z\u0131n sundu\u011fu m\u00fchendislik \u00e7\u00f6z\u00fcmleri aras\u0131ndad\u0131r.<\/p>\n<\/div><\/div><\/div><\/div><\/div><\/div><\/div><\/div><\/div><\/div><\/div><\/section><section class=\"l-section wpb_row height_custom full_height valign_center with_img\"><div class=\"l-section-img\" style=\"background-image: url(https:\/\/www.betonsu.com.tr\/wp-content\/uploads\/2022\/11\/fields-04.jpg);\" data-img-width=\"1920\" data-img-height=\"1080\"><\/div><div class=\"l-section-overlay\" style=\"background:rgba(0,0,0,0.55)\"><\/div><div class=\"l-section-h i-cf\"><div class=\"g-cols vc_row via_flex valign_top type_default stacking_default\"><div class=\"vc_col-sm-12 wpb_column vc_column_container\"><div class=\"vc_column-inner\"><div class=\"wpb_wrapper\"><div class=\"g-cols wpb_row via_flex valign_top type_default stacking_default\"><div class=\"vc_col-sm-12 wpb_column vc_column_container\"><div class=\"vc_column-inner\"><div class=\"wpb_wrapper\"><div class=\"wpb_text_column us_custom_6df4bc3a has_text_color\"><div class=\"wpb_wrapper\"><h2>\u0130\u00e7me Suyu Temini<\/h2>\n<\/div><\/div><div class=\"wpb_text_column us_custom_6df4bc3a has_text_color\"><div class=\"wpb_wrapper\"><p>\u015eehirlerimizin ve i\u015fletmelerimizin mevcut ve gelecekteki i\u00e7me ve kullanma suyu temini ve su potansiyellerini n\u00fcfus projeksiyonlar\u0131 dahilinde rezerve edebilmeleri g\u00fcn\u00fcm\u00fcz ko\u015fullar\u0131nda en \u00f6nemli gereksinimler aras\u0131nda yer almaktad\u0131r. Bu do\u011frultuda \u015eirketimiz i\u00e7me-kullanma suyu temini i\u00e7in \u00e7ok say\u0131da planlama ve proje \u00e7al\u0131\u015fmas\u0131 ger\u00e7ekle\u015ftirmi\u015ftir. Tesisler aras\u0131 ortak ama\u00e7l\u0131 entegrasyonlar\u0131n i\u00e7me suyu baz\u0131nda entegre edilmesi gibi uzmanl\u0131k gerektiren m\u00fchendislik \u00e7\u00f6z\u00fcmleri, \u015firketimizin hizmet portf\u00f6y\u00fcn\u00fcn ba\u015f\u0131nda gelmektedir.<\/p>\n<\/div><\/div><\/div><\/div><\/div><\/div><\/div><\/div><\/div><\/div><\/div><\/section><section class=\"l-section wpb_row height_custom full_height valign_center with_img\"><div class=\"l-section-img\" style=\"background-image: url(https:\/\/www.betonsu.com.tr\/wp-content\/uploads\/2022\/11\/fields-05.jpg);\" data-img-width=\"1920\" data-img-height=\"1080\"><\/div><div class=\"l-section-overlay\" style=\"background:rgba(0,0,0,0.55)\"><\/div><div class=\"l-section-h i-cf\"><div class=\"g-cols vc_row via_flex valign_top type_default stacking_default\"><div class=\"vc_col-sm-12 wpb_column vc_column_container\"><div class=\"vc_column-inner\"><div class=\"wpb_wrapper\"><div class=\"g-cols wpb_row via_flex valign_top type_default stacking_default\"><div class=\"vc_col-sm-12 wpb_column vc_column_container\"><div class=\"vc_column-inner\"><div class=\"wpb_wrapper\"><div class=\"wpb_text_column us_custom_6df4bc3a has_text_color\"><div class=\"wpb_wrapper\"><h2>Ta\u015fk\u0131n Kontrol\u00fc, Y\u00f6netim ve Eylem Planlar\u0131<\/h2>\n<\/div><\/div><div class=\"wpb_text_column us_custom_6df4bc3a has_text_color\"><div class=\"wpb_wrapper\"><p>Dere kanallar\u0131nda hidrolik kapasite yetersizli\u011fi, bilin\u00e7siz m\u00fcdahaleler ve do\u011fal toprak \u00f6rt\u00fcs\u00fcn\u00fcn tahribi ve arazi kullan\u0131m\u0131na ba\u011fl\u0131 olarak ak\u0131\u015f katsay\u0131lar\u0131n\u0131n y\u00fckselmesi sonucu meydana gelen ta\u015fk\u0131nlar, sosyo-ekonomik faaliyetlere sahip su yataklar\u0131 ve kanal \u00e7evresindeki nispi yo\u011funluk i\u00e7in b\u00fcy\u00fck risk olu\u015fturmaktad\u0131r. \u015eirketimiz, Avrupa Parlamentosu&#8217;nun 2007\/60\/EC direktifine uygun olarak ta\u015fk\u0131n \u00f6n risk de\u011ferlendirmesi, ta\u015fk\u0131n tehlike ve risk haritalar\u0131n\u0131n haz\u0131rlanmas\u0131 ve ta\u015fk\u0131n risk y\u00f6netim planlar\u0131n\u0131n haz\u0131rlanmas\u0131 konular\u0131nda uzman kadrosu ile hizmet vermektedir. Ayr\u0131ca ta\u015fk\u0131n kanallar\u0131n\u0131n projelendirilmi\u015f modellerinin haz\u0131rlanmas\u0131 ve altl\u0131klar\u0131n proje \u00e7al\u0131\u015fmalar\u0131 yap\u0131larak uygulamaya haz\u0131rlanmas\u0131 ta\u015fk\u0131n m\u00fchendisli\u011fi alan\u0131ndaki di\u011fer hizmet alanlar\u0131m\u0131zdan biridir.<\/p>\n<\/div><\/div><\/div><\/div><\/div><\/div><\/div><\/div><\/div><\/div><\/div><\/section><section class=\"l-section wpb_row height_custom full_height valign_center with_img\"><div class=\"l-section-img\" style=\"background-image: url(https:\/\/www.betonsu.com.tr\/wp-content\/uploads\/2022\/11\/fields-06.jpg);\" data-img-width=\"1920\" data-img-height=\"1080\"><\/div><div class=\"l-section-overlay\" style=\"background:rgba(0,0,0,0.55)\"><\/div><div class=\"l-section-h i-cf\"><div class=\"g-cols vc_row via_flex valign_top type_default stacking_default\"><div class=\"vc_col-sm-12 wpb_column vc_column_container\"><div class=\"vc_column-inner\"><div class=\"wpb_wrapper\"><div class=\"g-cols wpb_row via_flex valign_top type_default stacking_default\"><div class=\"vc_col-sm-12 wpb_column vc_column_container\"><div class=\"vc_column-inner\"><div class=\"wpb_wrapper\"><div class=\"wpb_text_column us_custom_6df4bc3a has_text_color\"><div class=\"wpb_wrapper\"><h2>Enerji<\/h2>\n<\/div><\/div><div class=\"wpb_text_column us_custom_6df4bc3a has_text_color\"><div class=\"wpb_wrapper\"><p>\u015eirketimizi, tesis baz\u0131nda enerji optimizasyonu ile su kaynaklar\u0131n\u0131n etkin kullan\u0131lmas\u0131 ve \u00a0enerji \u00fcretim bilan\u00e7olar\u0131n\u0131n haz\u0131rlanmas\u0131 gibi uzmanl\u0131k gerektiren bir\u00e7ok konuda aktif olarak \u00e7\u00f6z\u00fcmler \u00fcretmektedir. Enerji tesislerinin memba havzalar\u0131 detayl\u0131 olarak analiz edilebilir ve su kullan\u0131mlar\u0131nda olu\u015fabilecek enerji kay\u0131plar\u0131n\u0131n sonu\u00e7lar\u0131 ve gelecek projeksiyonlar\u0131 ile i\u015fverenin gelecek planlar\u0131na \u00f6nemli katk\u0131lar sa\u011flayabilir.<\/p>\n<\/div><\/div><\/div><\/div><\/div><\/div><\/div><\/div><\/div><\/div><\/div><\/section><section class=\"l-section wpb_row height_custom full_height valign_center with_img\"><div class=\"l-section-img\" style=\"background-image: url(https:\/\/www.betonsu.com.tr\/wp-content\/uploads\/2022\/11\/fields-07.jpg);\" data-img-width=\"1920\" data-img-height=\"1080\"><\/div><div class=\"l-section-overlay\" style=\"background:rgba(0,0,0,0.55)\"><\/div><div class=\"l-section-h i-cf\"><div class=\"g-cols vc_row via_flex valign_top type_default stacking_default\"><div class=\"vc_col-sm-12 wpb_column vc_column_container\"><div class=\"vc_column-inner\"><div class=\"wpb_wrapper\"><div class=\"g-cols wpb_row via_flex valign_top type_default stacking_default\"><div class=\"vc_col-sm-12 wpb_column vc_column_container\"><div class=\"vc_column-inner\"><div class=\"wpb_wrapper\"><div class=\"wpb_text_column us_custom_6df4bc3a has_text_color\"><div class=\"wpb_wrapper\"><h2>Havza Planlama ve K\u0131rsal Kalk\u0131nma Projeleri<\/h2>\n<\/div><\/div><div class=\"wpb_text_column us_custom_6df4bc3a has_text_color\"><div class=\"wpb_wrapper\"><p>BetonSu, b\u00fcy\u00fck \u00f6l\u00e7ekli havzalar ba\u015fta olmak \u00fczere farkl\u0131 potansiyellere sahip havzalar\u0131n su b\u00fct\u00e7elerini ve t\u00fcketimlerini g\u00fcncel y\u00f6ntemlerle belirleyerek kalk\u0131nma planlar\u0131 haz\u0131rlayabilmektedir.<\/p>\n<\/div><\/div><\/div><\/div><\/div><\/div><\/div><\/div><\/div><\/div><\/div><\/section><section class=\"l-section wpb_row height_custom full_height valign_center color_secondary\"><div class=\"l-section-h i-cf\"><div class=\"g-cols vc_row via_flex valign_top type_default stacking_default\"><div class=\"vc_col-sm-12 wpb_column vc_column_container\"><div class=\"vc_column-inner\"><div class=\"wpb_wrapper\"><div class=\"g-cols wpb_row via_flex valign_top type_default stacking_default\"><div class=\"vc_col-sm-12 wpb_column vc_column_container\"><div class=\"vc_column-inner\"><div class=\"wpb_wrapper\"><div class=\"wpb_text_column us_custom_2d82d750 has_text_color\"><div class=\"wpb_wrapper\"><p style=\"text-align: center;\"><strong>yenilik ruhumuzda var <\/strong><\/p>\n<\/div><\/div><\/div><\/div><\/div><\/div><\/div><\/div><\/div><\/div><\/div><\/section>\n","protected":false},"excerpt":{"rendered":"Su Kaynaklar\u0131 ve Y\u00f6netimi G\u00fcn\u00fcm\u00fcz ko\u015fullar\u0131nda su potansiyelinin tesis veya havza baz\u0131nda tespiti ve y\u00f6netimi en \u00f6nemli m\u00fchendislik ihtiya\u00e7lar\u0131ndan biri olarak \u00f6ne \u00e7\u0131kmaktad\u0131r. Bu kapsamda \u015eirketimiz, s\u00fcrekli kar\u015f\u0131la\u015ft\u0131rma platformunda bitki bazl\u0131 su potansiyeli tespiti, entegre i\u015f a\u011f\u0131na dahil edilmesi ve optimizasyon faaliyetlerine y\u00f6nelik \u00e7\u00f6z\u00fcmler \u00fcretebilmektedir. Ayr\u0131ca havza bazl\u0131 potansiyel tespiti ve transferi gibi uzmanl\u0131k gerektiren...","protected":false},"author":1,"featured_media":0,"parent":0,"menu_order":0,"comment_status":"closed","ping_status":"closed","template":"","meta":{"footnotes":""},"class_list":["post-8958","page","type-page","status-publish","hentry"],"_links":{"self":[{"href":"https:\/\/www.betonsu.com.tr\/tr\/wp-json\/wp\/v2\/pages\/8958","targetHints":{"allow":["GET"]}}],"collection":[{"href":"https:\/\/www.betonsu.com.tr\/tr\/wp-json\/wp\/v2\/pages"}],"about":[{"href":"https:\/\/www.betonsu.com.tr\/tr\/wp-json\/wp\/v2\/types\/page"}],"author":[{"embeddable":true,"href":"https:\/\/www.betonsu.com.tr\/tr\/wp-json\/wp\/v2\/users\/1"}],"replies":[{"embeddable":true,"href":"https:\/\/www.betonsu.com.tr\/tr\/wp-json\/wp\/v2\/comments?post=8958"}],"version-history":[{"count":1,"href":"https:\/\/www.betonsu.com.tr\/tr\/wp-json\/wp\/v2\/pages\/8958\/revisions"}],"predecessor-version":[{"id":9057,"href":"https:\/\/www.betonsu.com.tr\/tr\/wp-json\/wp\/v2\/pages\/8958\/revisions\/9057"}],"wp:attachment":[{"href":"https:\/\/www.betonsu.com.tr\/tr\/wp-json\/wp\/v2\/media?parent=8958"}],"curies":[{"name":"wp","href":"https:\/\/api.w.org\/{rel}","templated":true}]}}