{"id":8978,"date":"2022-11-11T15:28:35","date_gmt":"2022-11-11T12:28:35","guid":{"rendered":"https:\/\/www.betonsu.com.tr\/contact-us\/"},"modified":"2022-12-02T16:48:42","modified_gmt":"2022-12-02T13:48:42","slug":"is-birligi","status":"publish","type":"page","link":"https:\/\/www.betonsu.com.tr\/tr\/is-birligi\/","title":{"rendered":"\u0130\u015e B\u0130RL\u0130\u011e\u0130"},"content":{"rendered":"<section class=\"l-section wpb_row height_medium\"><div class=\"l-section-h i-cf\"><div class=\"g-cols vc_row via_flex valign_top type_default stacking_default\"><div class=\"vc_col-sm-12 wpb_column vc_column_container\"><div class=\"vc_column-inner\"><div class=\"wpb_wrapper\"><div class=\"wpb_text_column us_custom_2af1159c us_animate_this\"><div class=\"wpb_wrapper\"><p style=\"text-align: center;\"><strong>B\u0130Z HAZIRIZ, <\/strong><\/p>\n<\/div><\/div><\/div><\/div><\/div><\/div><\/div><\/section><section class=\"l-section wpb_row height_auto\"><div class=\"l-section-overlay\" style=\"background:#001c31\"><\/div><div class=\"l-section-h i-cf\"><div class=\"g-cols vc_row via_flex valign_top type_default stacking_default\"><div class=\"vc_col-sm-12 wpb_column vc_column_container\"><div class=\"vc_column-inner\"><div class=\"wpb_wrapper\"><div class=\"w-image us_custom_8c71efed us_animate_this align_center\"><div class=\"w-image-h\"><img loading=\"lazy\" decoding=\"async\" width=\"969\" height=\"496\" src=\"https:\/\/www.betonsu.com.tr\/wp-content\/uploads\/2022\/11\/collaboration.jpg\" class=\"attachment-large size-large\" alt=\"\" srcset=\"https:\/\/www.betonsu.com.tr\/wp-content\/uploads\/2022\/11\/collaboration.jpg 969w, https:\/\/www.betonsu.com.tr\/wp-content\/uploads\/2022\/11\/collaboration-300x154.jpg 300w\" sizes=\"auto, (max-width: 969px) 100vw, 969px\" \/><\/div><\/div><\/div><\/div><\/div><\/div><\/div><\/section><section class=\"l-section wpb_row height_custom\"><div class=\"l-section-h i-cf\"><div class=\"g-cols vc_row via_flex valign_top type_default stacking_default\"><div class=\"vc_col-sm-12 wpb_column vc_column_container\"><div class=\"vc_column-inner\"><div class=\"wpb_wrapper\"><div class=\"g-cols wpb_row via_flex valign_middle type_default stacking_default\"><div class=\"vc_col-sm-6 wpb_column vc_column_container\"><div class=\"vc_column-inner\"><div class=\"wpb_wrapper\"><div class=\"wpb_text_column us_custom_22851d8c us_animate_this\"><div class=\"wpb_wrapper\"><p style=\"text-align: right;\">D\u00f6nemsel veya kal\u0131c\u0131 ortakl\u0131klara, \u2022<br \/>\nFarkl\u0131 co\u011frafyalarda ihale ve tedarik s\u00fcre\u00e7lerine kat\u0131lmaya, \u2022<br \/>\n\u00d6zel deneyim gerektiren alanlarda uzmanl\u0131k ve \u00e7\u00f6z\u00fcmler sa\u011flamaya, \u2022<br \/>\n\u0130\u015f ve i\u015f a\u011flar\u0131 geli\u015ftirmeye, \u2022<\/p>\n<\/div><\/div><\/div><\/div><\/div><div class=\"vc_col-sm-6 wpb_column vc_column_container\"><div class=\"vc_column-inner\"><div class=\"wpb_wrapper\"><div class=\"wpb_text_column us_custom_2b6832a6 us_animate_this\"><div class=\"wpb_wrapper\"><p style=\"text-align: left;\">En \u00d6nemlisi, <strong><br \/>\nSEN\u0130NLE Konu\u015fmaya<\/strong><\/p>\n<\/div><\/div><\/div><\/div><\/div><\/div><div class=\"w-separator size_small\"><\/div><div class=\"w-btn-wrapper align_center\"><a class=\"w-btn us-btn-style_11 us_custom_de366d1c us_animate_this\" href=\"#contactus\"><span class=\"w-btn-label\">B\u0130Z\u0130MLE \u0130LET\u0130\u015e\u0130ME GE\u00c7.<\/span><\/a><\/div><\/div><\/div><\/div><\/div><\/div><\/section><section class=\"l-section wpb_row height_auto full_height valign_center\" id=\"contactus\"><div class=\"l-section-h i-cf\"><div class=\"g-cols vc_row via_flex valign_middle type_default stacking_default\"><div class=\"vc_col-sm-6 wpb_column vc_column_container\"><div class=\"vc_column-inner\"><div class=\"wpb_wrapper\"><div class=\"wpb_text_column us_custom_cd24ecf5 has_text_color\"><div class=\"wpb_wrapper\"><h2><strong>Merkez Ofis:<\/strong><\/h2>\n<\/div><\/div><div class=\"w-separator size_small\"><\/div><div class=\"w-iconbox iconpos_left style_default color_primary align_left no_text\"><div class=\"w-iconbox-icon\" style=\"font-size:22px;\"><i class=\"fal fa-map-marker-alt\"><\/i><\/div><div class=\"w-iconbox-meta\"><div class=\"w-iconbox-title\">Hilal Mahallesi 676. Sokak 12\/4 \u00c7ankaya \/ ANKARA \/ T\u00dcRK\u0130YE<\/div><\/div><\/div><div class=\"w-separator size_small\"><\/div><div class=\"w-iconbox iconpos_left style_default color_primary align_left no_text\"><a href=\"tel:+90 312 438 24 06\" class=\"w-iconbox-link\" aria-label=\"+90 312 438 24 06\"><div class=\"w-iconbox-icon\" style=\"font-size:22px;\"><i class=\"fal fa-phone\"><\/i><\/div><\/a><div class=\"w-iconbox-meta\"><a href=\"tel:+90 312 438 24 06\" class=\"w-iconbox-link\" aria-label=\"+90 312 438 24 06\"><div class=\"w-iconbox-title\">+90 312 438 24 06<\/div><\/a><\/div><\/div><div class=\"w-separator size_small\"><\/div><div class=\"w-iconbox iconpos_left style_default color_primary align_left no_text\"><a href=\"tel:+90 312 438 24 18\" class=\"w-iconbox-link\" aria-label=\"+90 312 438 24 18\"><div class=\"w-iconbox-icon\" style=\"font-size:22px;\"><i class=\"fal fa-fax\"><\/i><\/div><\/a><div class=\"w-iconbox-meta\"><a href=\"tel:+90 312 438 24 18\" class=\"w-iconbox-link\" aria-label=\"+90 312 438 24 18\"><div class=\"w-iconbox-title\">+90 312 438 24 18<\/div><\/a><\/div><\/div><div class=\"w-separator size_small\"><\/div><div class=\"w-iconbox iconpos_left style_default color_primary align_left no_text\"><a href=\"mailto:info@betonsu.com.tr\" class=\"w-iconbox-link\" aria-label=\"info@betonsu.com.tr\"><div class=\"w-iconbox-icon\" style=\"font-size:22px;\"><i class=\"fal fa-envelope\"><\/i><\/div><\/a><div class=\"w-iconbox-meta\"><a href=\"mailto:info@betonsu.com.tr\" class=\"w-iconbox-link\" aria-label=\"info@betonsu.com.tr\"><div class=\"w-iconbox-title\">info@betonsu.com.tr<\/div><\/a><\/div><\/div><div class=\"w-separator size_small\"><\/div><div class=\"wpb_text_column\"><div class=\"wpb_wrapper\"><p>betonsumuhendislik@hs03.kep.tr<\/p>\n<\/div><\/div><div class=\"w-separator size_large with_line width_default thick_2 style_solid color_border align_center\"><div class=\"w-separator-h\"><\/div><\/div><div class=\"wpb_text_column us_custom_cd24ecf5 has_text_color\"><div class=\"wpb_wrapper\"><h3><strong>Kariyer:<\/strong><\/h3>\n<\/div><\/div><div class=\"w-separator size_small\"><\/div><div class=\"wpb_text_column\"><div class=\"wpb_wrapper\"><p>Seni tan\u0131maktan memnuniyet duyar\u0131z. CV\u2019ni bizimle payla\u015f.<\/p>\n<\/div><\/div><div class=\"w-separator size_small\"><\/div><div class=\"w-iconbox iconpos_left style_default color_primary align_left no_text\"><a href=\"mailto:career@betonsu.com.tr\" class=\"w-iconbox-link\" aria-label=\"career@betonsu.com.tr\"><div class=\"w-iconbox-icon\" style=\"font-size:22px;\"><i class=\"fal fa-envelope\"><\/i><\/div><\/a><div class=\"w-iconbox-meta\"><a href=\"mailto:career@betonsu.com.tr\" class=\"w-iconbox-link\" aria-label=\"career@betonsu.com.tr\"><div class=\"w-iconbox-title\">career@betonsu.com.tr<\/div><\/a><\/div><\/div><\/div><\/div><\/div><div class=\"vc_col-sm-6 wpb_column vc_column_container stretched\"><div class=\"vc_column-inner us_custom_b6a72ce1\"><div class=\"wpb_wrapper\"><div class=\"wpb_text_column us_custom_114a057e\"><div class=\"wpb_wrapper\"><div id=\"map_canvas\"><iframe loading=\"lazy\" style=\"border: 0;\" src=\"https:\/\/www.google.com\/maps\/embed?pb=!1m18!1m12!1m3!1d3062.39581953398!2d32.85284911580297!3d39.86537087943304!2m3!1f0!2f0!3f0!3m2!1i1024!2i768!4f13.1!3m3!1m2!1s0x14d3450ac76ac529%3A0xeea061aa116fcce6!2zQkVUT04tU1UgTcOcSEVORMSwU0zEsEsgTcOcxZ5BVsSwUkzEsEs!5e0!3m2!1str!2str!4v1668168870299!5m2!1str!2str\" width=\"100%\" height=\"100vh\"><\/iframe><\/div>\n<\/div><\/div><\/div><\/div><\/div><\/div><\/div><\/section>\n","protected":false},"excerpt":{"rendered":"B\u0130Z HAZIRIZ, D\u00f6nemsel veya kal\u0131c\u0131 ortakl\u0131klara, \u2022 Farkl\u0131 co\u011frafyalarda ihale ve tedarik s\u00fcre\u00e7lerine kat\u0131lmaya, \u2022 \u00d6zel deneyim gerektiren alanlarda uzmanl\u0131k ve \u00e7\u00f6z\u00fcmler sa\u011flamaya, \u2022 \u0130\u015f ve i\u015f a\u011flar\u0131 geli\u015ftirmeye, \u2022 En \u00d6nemlisi, SEN\u0130NLE Konu\u015fmaya B\u0130Z\u0130MLE \u0130LET\u0130\u015e\u0130ME GE\u00c7.Merkez Ofis: Hilal Mahallesi 676. Sokak 12\/4 \u00c7ankaya \/ ANKARA \/ T\u00dcRK\u0130YE+90 312 438 24 06+90 312 438 24...","protected":false},"author":1,"featured_media":0,"parent":0,"menu_order":0,"comment_status":"closed","ping_status":"closed","template":"","meta":{"footnotes":""},"class_list":["post-8978","page","type-page","status-publish","hentry"],"_links":{"self":[{"href":"https:\/\/www.betonsu.com.tr\/tr\/wp-json\/wp\/v2\/pages\/8978","targetHints":{"allow":["GET"]}}],"collection":[{"href":"https:\/\/www.betonsu.com.tr\/tr\/wp-json\/wp\/v2\/pages"}],"about":[{"href":"https:\/\/www.betonsu.com.tr\/tr\/wp-json\/wp\/v2\/types\/page"}],"author":[{"embeddable":true,"href":"https:\/\/www.betonsu.com.tr\/tr\/wp-json\/wp\/v2\/users\/1"}],"replies":[{"embeddable":true,"href":"https:\/\/www.betonsu.com.tr\/tr\/wp-json\/wp\/v2\/comments?post=8978"}],"version-history":[{"count":2,"href":"https:\/\/www.betonsu.com.tr\/tr\/wp-json\/wp\/v2\/pages\/8978\/revisions"}],"predecessor-version":[{"id":9102,"href":"https:\/\/www.betonsu.com.tr\/tr\/wp-json\/wp\/v2\/pages\/8978\/revisions\/9102"}],"wp:attachment":[{"href":"https:\/\/www.betonsu.com.tr\/tr\/wp-json\/wp\/v2\/media?parent=8978"}],"curies":[{"name":"wp","href":"https:\/\/api.w.org\/{rel}","templated":true}]}}